{"id":347,"date":"2012-12-02T19:08:47","date_gmt":"2012-12-02T18:08:47","guid":{"rendered":"http:\/\/ewafontaine.ch\/?page_id=347"},"modified":"2026-04-01T14:51:38","modified_gmt":"2026-04-01T13:51:38","slug":"vente","status":"publish","type":"page","link":"https:\/\/ewafontaine.ch\/?page_id=347","title":{"rendered":"Vente"},"content":{"rendered":"<h2><span style=\"color: #333333;\">COMMANDE EN LIGNE<\/span><\/h2>\n<p><span style=\"color: #333333;\">Un webshop est \u00a0en pr\u00e9paration. En attendant, vous pouvez commander la plupart des pi\u00e8ces pr\u00e9sent\u00e9es sur le site en m&rsquo;\u00e9crivant un email.\u00a0<\/span><span style=\"color: #333333;\">Je r\u00e9ponds aussi volontiers \u00e0 vos questions \u00e0 la m\u00eame adresse : <a href=\"mailto:contact@ewafontaine.ch\">contact@ewafontaine.ch<\/a><\/span><\/p>\n<h2><\/h2>\n","protected":false},"excerpt":{"rendered":"<p>COMMANDE EN LIGNE Un webshop est \u00a0en pr\u00e9paration. En attendant, vous pouvez commander la plupart des pi\u00e8ces pr\u00e9sent\u00e9es sur le site en m&rsquo;\u00e9crivant un email.\u00a0Je r\u00e9ponds aussi volontiers \u00e0 vos questions \u00e0 la m\u00eame adresse : contact@ewafontaine.ch<\/p>\n","protected":false},"author":1,"featured_media":0,"parent":0,"menu_order":0,"comment_status":"closed","ping_status":"closed","template":"","meta":{"footnotes":""},"class_list":["post-347","page","type-page","status-publish","hentry","without-featured-image"],"_links":{"self":[{"href":"https:\/\/ewafontaine.ch\/index.php?rest_route=\/wp\/v2\/pages\/347","targetHints":{"allow":["GET"]}}],"collection":[{"href":"https:\/\/ewafontaine.ch\/index.php?rest_route=\/wp\/v2\/pages"}],"about":[{"href":"https:\/\/ewafontaine.ch\/index.php?rest_route=\/wp\/v2\/types\/page"}],"author":[{"embeddable":true,"href":"https:\/\/ewafontaine.ch\/index.php?rest_route=\/wp\/v2\/users\/1"}],"replies":[{"embeddable":true,"href":"https:\/\/ewafontaine.ch\/index.php?rest_route=%2Fwp%2Fv2%2Fcomments&post=347"}],"version-history":[{"count":36,"href":"https:\/\/ewafontaine.ch\/index.php?rest_route=\/wp\/v2\/pages\/347\/revisions"}],"predecessor-version":[{"id":2307,"href":"https:\/\/ewafontaine.ch\/index.php?rest_route=\/wp\/v2\/pages\/347\/revisions\/2307"}],"wp:attachment":[{"href":"https:\/\/ewafontaine.ch\/index.php?rest_route=%2Fwp%2Fv2%2Fmedia&parent=347"}],"curies":[{"name":"wp","href":"https:\/\/api.w.org\/{rel}","templated":true}]}}