{"id":1308,"date":"2015-04-05T23:52:21","date_gmt":"2015-04-05T22:52:21","guid":{"rendered":"http:\/\/ewafontaine.ch\/?page_id=1308"},"modified":"2018-05-15T18:27:47","modified_gmt":"2018-05-15T17:27:47","slug":"pullover1","status":"publish","type":"page","link":"https:\/\/ewafontaine.ch\/?page_id=1308","title":{"rendered":"Pull Over"},"content":{"rendered":"<div id=\"metaslider-id-1914\" style=\"max-width: 850px; margin: 0 auto;\" class=\"ml-slider-3-50-0 metaslider metaslider-flex metaslider-1914 ml-slider ms-theme-default\" role=\"region\" aria-roledescription=\"Slideshow\" aria-label=\"Pull_Over\">\n    <div id=\"metaslider_container_1914\">\n        <div id=\"metaslider_1914\">\n            <ul aria-live=\"polite\" class=\"slides\">\n                <li style=\"display: block; width: 100%;\" class=\"slide-1500 ms-image\" aria-roledescription=\"slide\" aria-label=\"slide-1500\"><img loading=\"lazy\" decoding=\"async\" src=\"https:\/\/ewafontaine.ch\/htdoc\/images\/EwaFontainePull2.jpg\" height=\"567\" width=\"850\" alt=\"\" class=\"slider-1914 slide-1500\" \/><\/li>\n                <li style=\"display: none; width: 100%;\" class=\"slide-1508 ms-image\" aria-roledescription=\"slide\" aria-label=\"slide-1508\"><img loading=\"lazy\" decoding=\"async\" src=\"https:\/\/ewafontaine.ch\/htdoc\/images\/EwaFontainePull10.jpg\" height=\"567\" width=\"850\" alt=\"\" class=\"slider-1914 slide-1508\" \/><\/li>\n                <li style=\"display: none; width: 100%;\" class=\"slide-1506 ms-image\" aria-roledescription=\"slide\" aria-label=\"slide-1506\"><img loading=\"lazy\" decoding=\"async\" src=\"https:\/\/ewafontaine.ch\/htdoc\/images\/EwaFontainePull8.jpg\" height=\"567\" width=\"850\" alt=\"\" class=\"slider-1914 slide-1506\" \/><\/li>\n                <li style=\"display: none; width: 100%;\" class=\"slide-1510 ms-image\" aria-roledescription=\"slide\" aria-label=\"slide-1510\"><img loading=\"lazy\" decoding=\"async\" src=\"https:\/\/ewafontaine.ch\/htdoc\/images\/EwaFontainePull12.jpg\" height=\"567\" width=\"850\" alt=\"\" class=\"slider-1914 slide-1510\" \/><\/li>\n                <li style=\"display: none; width: 100%;\" class=\"slide-1507 ms-image\" aria-roledescription=\"slide\" aria-label=\"slide-1507\"><img loading=\"lazy\" decoding=\"async\" src=\"https:\/\/ewafontaine.ch\/htdoc\/images\/EwaFontainePull9.jpg\" height=\"567\" width=\"850\" alt=\"\" class=\"slider-1914 slide-1507\" \/><\/li>\n                <li style=\"display: none; width: 100%;\" class=\"slide-1509 ms-image\" aria-roledescription=\"slide\" aria-label=\"slide-1509\"><img loading=\"lazy\" decoding=\"async\" src=\"https:\/\/ewafontaine.ch\/htdoc\/images\/EwaFontainePull11.jpg\" height=\"567\" width=\"850\" alt=\"\" class=\"slider-1914 slide-1509\" \/><\/li>\n                <li style=\"display: none; width: 100%;\" class=\"slide-1503 ms-image\" aria-roledescription=\"slide\" aria-label=\"slide-1503\"><img loading=\"lazy\" decoding=\"async\" src=\"https:\/\/ewafontaine.ch\/htdoc\/images\/EwaFontainePull5-844x563.jpg\" height=\"567\" width=\"850\" alt=\"\" class=\"slider-1914 slide-1503\" \/><\/li>\n                <li style=\"display: none; width: 100%;\" class=\"slide-1505 ms-image\" aria-roledescription=\"slide\" aria-label=\"slide-1505\"><img loading=\"lazy\" decoding=\"async\" src=\"https:\/\/ewafontaine.ch\/htdoc\/images\/EwaFontainePull7.jpg\" height=\"567\" width=\"850\" alt=\"\" class=\"slider-1914 slide-1505\" \/><\/li>\n                <li style=\"display: none; width: 100%;\" class=\"slide-1504 ms-image\" aria-roledescription=\"slide\" aria-label=\"slide-1504\"><img loading=\"lazy\" decoding=\"async\" src=\"https:\/\/ewafontaine.ch\/htdoc\/images\/EwaFontainePull6.jpg\" height=\"567\" width=\"850\" alt=\"\" class=\"slider-1914 slide-1504\" \/><\/li>\n                <li style=\"display: none; width: 100%;\" class=\"slide-1502 ms-image\" aria-roledescription=\"slide\" aria-label=\"slide-1502\"><img loading=\"lazy\" decoding=\"async\" src=\"https:\/\/ewafontaine.ch\/htdoc\/images\/EwaFontainePull4-850x567.jpg\" height=\"567\" width=\"850\" alt=\"\" class=\"slider-1914 slide-1502\" \/><\/li>\n                <li style=\"display: none; width: 100%;\" class=\"slide-1501 ms-image\" aria-roledescription=\"slide\" aria-label=\"slide-1501\"><img loading=\"lazy\" decoding=\"async\" src=\"https:\/\/ewafontaine.ch\/htdoc\/images\/EwaFontainePull3.jpg\" height=\"567\" width=\"850\" alt=\"\" class=\"slider-1914 slide-1501\" \/><\/li>\n                <li style=\"display: none; width: 100%;\" class=\"slide-1499 ms-image\" aria-roledescription=\"slide\" aria-label=\"slide-1499\"><img loading=\"lazy\" decoding=\"async\" src=\"https:\/\/ewafontaine.ch\/htdoc\/images\/EwaFontainePull1.jpg\" height=\"567\" width=\"850\" alt=\"\" class=\"slider-1914 slide-1499\" \/><\/li>\n            <\/ul>\n        <\/div>\n        \n    <\/div>\n<\/div>\n<p>Bagues constitu\u00e9es d&rsquo;une structure en argent, habill\u00e9es de nylon.<\/p>\n<p>Interaction entre plein et vide \u00e0 travers deux mat\u00e9riaux en dialogue. La tension du tissus sur la structure d\u2019argent cr\u00e9e un volume n\u00e9gatif dont on devine la brillance des arr\u00eates. Le bijou est ainsi compos\u00e9 d\u2019un squelette de m\u00e9tal et d\u2019une unique pi\u00e8ce de textile formant \u00e9galement le corps de bague. Tirant sur le tissu, le doigt accentue donc cette contreforme lorsque le bijou est port\u00e9.<\/p>\n<div id='gallery-1' class='gallery galleryid-1308 gallery-columns-4 gallery-size-thumbnail'><dl class='gallery-item'>\n\t\t\t<dt class='gallery-icon landscape'>\n\t\t\t\t<a href='https:\/\/ewafontaine.ch\/htdoc\/images\/EwaFontainePull1.jpg'><img loading=\"lazy\" decoding=\"async\" width=\"150\" height=\"150\" src=\"https:\/\/ewafontaine.ch\/htdoc\/images\/EwaFontainePull1-150x150.jpg\" class=\"attachment-thumbnail size-thumbnail\" alt=\"\" srcset=\"https:\/\/ewafontaine.ch\/htdoc\/images\/EwaFontainePull1-150x150.jpg 150w, https:\/\/ewafontaine.ch\/htdoc\/images\/EwaFontainePull1-90x90.jpg 90w\" sizes=\"auto, (max-width: 150px) 100vw, 150px\" \/><\/a>\n\t\t\t<\/dt><\/dl><dl class='gallery-item'>\n\t\t\t<dt class='gallery-icon landscape'>\n\t\t\t\t<a href='https:\/\/ewafontaine.ch\/htdoc\/images\/EwaFontainePull10.jpg'><img loading=\"lazy\" decoding=\"async\" width=\"150\" height=\"150\" src=\"https:\/\/ewafontaine.ch\/htdoc\/images\/EwaFontainePull10-150x150.jpg\" class=\"attachment-thumbnail size-thumbnail\" alt=\"\" srcset=\"https:\/\/ewafontaine.ch\/htdoc\/images\/EwaFontainePull10-150x150.jpg 150w, https:\/\/ewafontaine.ch\/htdoc\/images\/EwaFontainePull10-90x90.jpg 90w\" sizes=\"auto, (max-width: 150px) 100vw, 150px\" \/><\/a>\n\t\t\t<\/dt><\/dl><dl class='gallery-item'>\n\t\t\t<dt class='gallery-icon landscape'>\n\t\t\t\t<a href='https:\/\/ewafontaine.ch\/htdoc\/images\/EwaFontainePull8.jpg'><img loading=\"lazy\" decoding=\"async\" width=\"150\" height=\"150\" src=\"https:\/\/ewafontaine.ch\/htdoc\/images\/EwaFontainePull8-150x150.jpg\" class=\"attachment-thumbnail size-thumbnail\" alt=\"\" srcset=\"https:\/\/ewafontaine.ch\/htdoc\/images\/EwaFontainePull8-150x150.jpg 150w, https:\/\/ewafontaine.ch\/htdoc\/images\/EwaFontainePull8-90x90.jpg 90w\" sizes=\"auto, (max-width: 150px) 100vw, 150px\" \/><\/a>\n\t\t\t<\/dt><\/dl><dl class='gallery-item'>\n\t\t\t<dt class='gallery-icon landscape'>\n\t\t\t\t<a href='https:\/\/ewafontaine.ch\/htdoc\/images\/EwaFontainePull7.jpg'><img loading=\"lazy\" decoding=\"async\" width=\"150\" height=\"150\" src=\"https:\/\/ewafontaine.ch\/htdoc\/images\/EwaFontainePull7-150x150.jpg\" class=\"attachment-thumbnail size-thumbnail\" alt=\"\" srcset=\"https:\/\/ewafontaine.ch\/htdoc\/images\/EwaFontainePull7-150x150.jpg 150w, https:\/\/ewafontaine.ch\/htdoc\/images\/EwaFontainePull7-90x90.jpg 90w\" sizes=\"auto, (max-width: 150px) 100vw, 150px\" \/><\/a>\n\t\t\t<\/dt><\/dl><br style=\"clear: both\" \/><dl class='gallery-item'>\n\t\t\t<dt class='gallery-icon landscape'>\n\t\t\t\t<a href='https:\/\/ewafontaine.ch\/htdoc\/images\/EwaFontainePull6.jpg'><img loading=\"lazy\" decoding=\"async\" width=\"150\" height=\"150\" src=\"https:\/\/ewafontaine.ch\/htdoc\/images\/EwaFontainePull6-150x150.jpg\" class=\"attachment-thumbnail size-thumbnail\" alt=\"\" srcset=\"https:\/\/ewafontaine.ch\/htdoc\/images\/EwaFontainePull6-150x150.jpg 150w, https:\/\/ewafontaine.ch\/htdoc\/images\/EwaFontainePull6-90x90.jpg 90w\" sizes=\"auto, (max-width: 150px) 100vw, 150px\" \/><\/a>\n\t\t\t<\/dt><\/dl><dl class='gallery-item'>\n\t\t\t<dt class='gallery-icon landscape'>\n\t\t\t\t<a href='https:\/\/ewafontaine.ch\/htdoc\/images\/EwaFontainePull12.jpg'><img loading=\"lazy\" decoding=\"async\" width=\"150\" height=\"150\" src=\"https:\/\/ewafontaine.ch\/htdoc\/images\/EwaFontainePull12-150x150.jpg\" class=\"attachment-thumbnail size-thumbnail\" alt=\"\" srcset=\"https:\/\/ewafontaine.ch\/htdoc\/images\/EwaFontainePull12-150x150.jpg 150w, https:\/\/ewafontaine.ch\/htdoc\/images\/EwaFontainePull12-90x90.jpg 90w\" sizes=\"auto, (max-width: 150px) 100vw, 150px\" \/><\/a>\n\t\t\t<\/dt><\/dl><dl class='gallery-item'>\n\t\t\t<dt class='gallery-icon landscape'>\n\t\t\t\t<a href='https:\/\/ewafontaine.ch\/htdoc\/images\/EwaFontainePull5.jpg'><img loading=\"lazy\" decoding=\"async\" width=\"150\" height=\"150\" src=\"https:\/\/ewafontaine.ch\/htdoc\/images\/EwaFontainePull5-150x150.jpg\" class=\"attachment-thumbnail size-thumbnail\" alt=\"\" srcset=\"https:\/\/ewafontaine.ch\/htdoc\/images\/EwaFontainePull5-150x150.jpg 150w, https:\/\/ewafontaine.ch\/htdoc\/images\/EwaFontainePull5-90x90.jpg 90w\" sizes=\"auto, (max-width: 150px) 100vw, 150px\" \/><\/a>\n\t\t\t<\/dt><\/dl><dl class='gallery-item'>\n\t\t\t<dt class='gallery-icon landscape'>\n\t\t\t\t<a href='https:\/\/ewafontaine.ch\/htdoc\/images\/EwaFontainePull4.jpg'><img loading=\"lazy\" decoding=\"async\" width=\"150\" height=\"150\" src=\"https:\/\/ewafontaine.ch\/htdoc\/images\/EwaFontainePull4-150x150.jpg\" class=\"attachment-thumbnail size-thumbnail\" alt=\"\" srcset=\"https:\/\/ewafontaine.ch\/htdoc\/images\/EwaFontainePull4-150x150.jpg 150w, https:\/\/ewafontaine.ch\/htdoc\/images\/EwaFontainePull4-90x90.jpg 90w\" sizes=\"auto, (max-width: 150px) 100vw, 150px\" \/><\/a>\n\t\t\t<\/dt><\/dl><br style=\"clear: both\" \/><dl class='gallery-item'>\n\t\t\t<dt class='gallery-icon landscape'>\n\t\t\t\t<a href='https:\/\/ewafontaine.ch\/htdoc\/images\/EwaFontainePull3.jpg'><img loading=\"lazy\" decoding=\"async\" width=\"150\" height=\"150\" src=\"https:\/\/ewafontaine.ch\/htdoc\/images\/EwaFontainePull3-150x150.jpg\" class=\"attachment-thumbnail size-thumbnail\" alt=\"\" srcset=\"https:\/\/ewafontaine.ch\/htdoc\/images\/EwaFontainePull3-150x150.jpg 150w, https:\/\/ewafontaine.ch\/htdoc\/images\/EwaFontainePull3-90x90.jpg 90w\" sizes=\"auto, (max-width: 150px) 100vw, 150px\" \/><\/a>\n\t\t\t<\/dt><\/dl><dl class='gallery-item'>\n\t\t\t<dt class='gallery-icon landscape'>\n\t\t\t\t<a href='https:\/\/ewafontaine.ch\/htdoc\/images\/EwaFontainePull11.jpg'><img loading=\"lazy\" decoding=\"async\" width=\"150\" height=\"150\" src=\"https:\/\/ewafontaine.ch\/htdoc\/images\/EwaFontainePull11-150x150.jpg\" class=\"attachment-thumbnail size-thumbnail\" alt=\"\" srcset=\"https:\/\/ewafontaine.ch\/htdoc\/images\/EwaFontainePull11-150x150.jpg 150w, https:\/\/ewafontaine.ch\/htdoc\/images\/EwaFontainePull11-90x90.jpg 90w\" sizes=\"auto, (max-width: 150px) 100vw, 150px\" \/><\/a>\n\t\t\t<\/dt><\/dl><dl class='gallery-item'>\n\t\t\t<dt class='gallery-icon landscape'>\n\t\t\t\t<a href='https:\/\/ewafontaine.ch\/htdoc\/images\/EwaFontainePull2.jpg'><img loading=\"lazy\" decoding=\"async\" width=\"150\" height=\"150\" src=\"https:\/\/ewafontaine.ch\/htdoc\/images\/EwaFontainePull2-150x150.jpg\" class=\"attachment-thumbnail size-thumbnail\" alt=\"\" srcset=\"https:\/\/ewafontaine.ch\/htdoc\/images\/EwaFontainePull2-150x150.jpg 150w, https:\/\/ewafontaine.ch\/htdoc\/images\/EwaFontainePull2-90x90.jpg 90w\" sizes=\"auto, (max-width: 150px) 100vw, 150px\" \/><\/a>\n\t\t\t<\/dt><\/dl><dl class='gallery-item'>\n\t\t\t<dt class='gallery-icon landscape'>\n\t\t\t\t<a href='https:\/\/ewafontaine.ch\/htdoc\/images\/EwaFontainePull9.jpg'><img loading=\"lazy\" decoding=\"async\" width=\"150\" height=\"150\" src=\"https:\/\/ewafontaine.ch\/htdoc\/images\/EwaFontainePull9-150x150.jpg\" class=\"attachment-thumbnail size-thumbnail\" alt=\"\" srcset=\"https:\/\/ewafontaine.ch\/htdoc\/images\/EwaFontainePull9-150x150.jpg 150w, https:\/\/ewafontaine.ch\/htdoc\/images\/EwaFontainePull9-90x90.jpg 90w\" sizes=\"auto, (max-width: 150px) 100vw, 150px\" \/><\/a>\n\t\t\t<\/dt><\/dl><br style=\"clear: both\" \/>\n\t\t<\/div>\n\n<p>&nbsp;<\/p>\n","protected":false},"excerpt":{"rendered":"<p>Bagues constitu\u00e9es d&rsquo;une structure en argent, habill\u00e9es de nylon. Interaction entre plein et vide \u00e0 travers deux mat\u00e9riaux en dialogue. La tension du tissus sur la structure d\u2019argent cr\u00e9e un volume n\u00e9gatif dont on devine la brillance des arr\u00eates. Le bijou est ainsi compos\u00e9 d\u2019un squelette de m\u00e9tal et d\u2019une unique pi\u00e8ce de textile formant &hellip; <a href=\"https:\/\/ewafontaine.ch\/?page_id=1308\" class=\"more-link\">Lire la suite <span class=\"screen-reader-text\">Pull Over<\/span><\/a><\/p>\n","protected":false},"author":1,"featured_media":1514,"parent":1303,"menu_order":5,"comment_status":"closed","ping_status":"closed","template":"page-templates\/full-width-page.php","meta":{"footnotes":""},"class_list":["post-1308","page","type-page","status-publish","has-post-thumbnail","hentry","with-featured-image"],"_links":{"self":[{"href":"https:\/\/ewafontaine.ch\/index.php?rest_route=\/wp\/v2\/pages\/1308","targetHints":{"allow":["GET"]}}],"collection":[{"href":"https:\/\/ewafontaine.ch\/index.php?rest_route=\/wp\/v2\/pages"}],"about":[{"href":"https:\/\/ewafontaine.ch\/index.php?rest_route=\/wp\/v2\/types\/page"}],"author":[{"embeddable":true,"href":"https:\/\/ewafontaine.ch\/index.php?rest_route=\/wp\/v2\/users\/1"}],"replies":[{"embeddable":true,"href":"https:\/\/ewafontaine.ch\/index.php?rest_route=%2Fwp%2Fv2%2Fcomments&post=1308"}],"version-history":[{"count":26,"href":"https:\/\/ewafontaine.ch\/index.php?rest_route=\/wp\/v2\/pages\/1308\/revisions"}],"predecessor-version":[{"id":1469,"href":"https:\/\/ewafontaine.ch\/index.php?rest_route=\/wp\/v2\/pages\/1308\/revisions\/1469"}],"up":[{"embeddable":true,"href":"https:\/\/ewafontaine.ch\/index.php?rest_route=\/wp\/v2\/pages\/1303"}],"wp:featuredmedia":[{"embeddable":true,"href":"https:\/\/ewafontaine.ch\/index.php?rest_route=\/wp\/v2\/media\/1514"}],"wp:attachment":[{"href":"https:\/\/ewafontaine.ch\/index.php?rest_route=%2Fwp%2Fv2%2Fmedia&parent=1308"}],"curies":[{"name":"wp","href":"https:\/\/api.w.org\/{rel}","templated":true}]}}