{"id":1303,"date":"2015-04-05T23:00:06","date_gmt":"2015-04-05T22:00:06","guid":{"rendered":"http:\/\/ewafontaine.ch\/?page_id=1303"},"modified":"2017-10-02T15:43:05","modified_gmt":"2017-10-02T14:43:05","slug":"collections","status":"publish","type":"page","link":"https:\/\/ewafontaine.ch\/?page_id=1303","title":{"rendered":"Collections"},"content":{"rendered":"<p>Les pi\u00e8ces pr\u00e9sent\u00e9es dans les collections peuvent \u00eatre command\u00e9es par email (livraison par poste) et dans les <a href=\"http:\/\/ewafontaine.ch\/?page_id=347\">points de vente partenaires<\/a>. N&rsquo;h\u00e9sitez pas \u00e0 me contacter via la <a href=\"http:\/\/ewafontaine.ch\/?page_id=67\">page contact<\/a> pour toute demande.<\/p>\n","protected":false},"excerpt":{"rendered":"<p>Les pi\u00e8ces pr\u00e9sent\u00e9es dans les collections peuvent \u00eatre command\u00e9es par email (livraison par poste) et dans les points de vente partenaires. N&rsquo;h\u00e9sitez pas \u00e0 me contacter via la page contact pour toute demande.<\/p>\n","protected":false},"author":1,"featured_media":0,"parent":1261,"menu_order":0,"comment_status":"closed","ping_status":"closed","template":"page-templates\/grid-page.php","meta":{"footnotes":""},"class_list":["post-1303","page","type-page","status-publish","hentry","without-featured-image"],"_links":{"self":[{"href":"https:\/\/ewafontaine.ch\/index.php?rest_route=\/wp\/v2\/pages\/1303","targetHints":{"allow":["GET"]}}],"collection":[{"href":"https:\/\/ewafontaine.ch\/index.php?rest_route=\/wp\/v2\/pages"}],"about":[{"href":"https:\/\/ewafontaine.ch\/index.php?rest_route=\/wp\/v2\/types\/page"}],"author":[{"embeddable":true,"href":"https:\/\/ewafontaine.ch\/index.php?rest_route=\/wp\/v2\/users\/1"}],"replies":[{"embeddable":true,"href":"https:\/\/ewafontaine.ch\/index.php?rest_route=%2Fwp%2Fv2%2Fcomments&post=1303"}],"version-history":[{"count":18,"href":"https:\/\/ewafontaine.ch\/index.php?rest_route=\/wp\/v2\/pages\/1303\/revisions"}],"predecessor-version":[{"id":2055,"href":"https:\/\/ewafontaine.ch\/index.php?rest_route=\/wp\/v2\/pages\/1303\/revisions\/2055"}],"up":[{"embeddable":true,"href":"https:\/\/ewafontaine.ch\/index.php?rest_route=\/wp\/v2\/pages\/1261"}],"wp:attachment":[{"href":"https:\/\/ewafontaine.ch\/index.php?rest_route=%2Fwp%2Fv2%2Fmedia&parent=1303"}],"curies":[{"name":"wp","href":"https:\/\/api.w.org\/{rel}","templated":true}]}}