{"id":1287,"date":"2015-04-05T23:57:33","date_gmt":"2015-04-05T22:57:33","guid":{"rendered":"http:\/\/ewafontaine.ch\/?page_id=1287"},"modified":"2018-05-15T18:27:13","modified_gmt":"2018-05-15T17:27:13","slug":"comme-un-air","status":"publish","type":"page","link":"https:\/\/ewafontaine.ch\/?page_id=1287","title":{"rendered":"Comme un air"},"content":{"rendered":"<div id=\"metaslider-id-1912\" style=\"max-width: 850px; margin: 0 auto;\" class=\"ml-slider-3-50-0 metaslider metaslider-flex metaslider-1912 ml-slider ms-theme-default\" role=\"region\" aria-roledescription=\"Slideshow\" aria-label=\"Comme_Air\">\n    <div id=\"metaslider_container_1912\">\n        <div id=\"metaslider_1912\">\n            <ul aria-live=\"polite\" class=\"slides\">\n                <li style=\"display: block; width: 100%;\" class=\"slide-1483 ms-image\" aria-roledescription=\"slide\" aria-label=\"slide-1483\"><img loading=\"lazy\" decoding=\"async\" src=\"https:\/\/ewafontaine.ch\/htdoc\/images\/EwaFontaine_Air1-607x433.jpg\" height=\"607\" width=\"850\" alt=\"\" class=\"slider-1912 slide-1483\" \/><\/li>\n                <li style=\"display: none; width: 100%;\" class=\"slide-1486 ms-image\" aria-roledescription=\"slide\" aria-label=\"slide-1486\"><img loading=\"lazy\" decoding=\"async\" src=\"https:\/\/ewafontaine.ch\/htdoc\/images\/EwaFontaine_Air4.jpg\" height=\"607\" width=\"850\" alt=\"\" class=\"slider-1912 slide-1486\" \/><\/li>\n                <li style=\"display: none; width: 100%;\" class=\"slide-1495 ms-image\" aria-roledescription=\"slide\" aria-label=\"slide-1495\"><img loading=\"lazy\" decoding=\"async\" src=\"https:\/\/ewafontaine.ch\/htdoc\/images\/EwaFontaine_Air13-607x433.jpg\" height=\"607\" width=\"850\" alt=\"\" class=\"slider-1912 slide-1495\" \/><\/li>\n                <li style=\"display: none; width: 100%;\" class=\"slide-1491 ms-image\" aria-roledescription=\"slide\" aria-label=\"slide-1491\"><img loading=\"lazy\" decoding=\"async\" src=\"https:\/\/ewafontaine.ch\/htdoc\/images\/EwaFontaine_Air9.jpg\" height=\"607\" width=\"850\" alt=\"\" class=\"slider-1912 slide-1491\" \/><\/li>\n                <li style=\"display: none; width: 100%;\" class=\"slide-1493 ms-image\" aria-roledescription=\"slide\" aria-label=\"slide-1493\"><img loading=\"lazy\" decoding=\"async\" src=\"https:\/\/ewafontaine.ch\/htdoc\/images\/EwaFontaine_Air11-607x433.jpg\" height=\"607\" width=\"850\" alt=\"\" class=\"slider-1912 slide-1493\" \/><\/li>\n                <li style=\"display: none; width: 100%;\" class=\"slide-1490 ms-image\" aria-roledescription=\"slide\" aria-label=\"slide-1490\"><img loading=\"lazy\" decoding=\"async\" src=\"https:\/\/ewafontaine.ch\/htdoc\/images\/EwaFontaine_Air8.jpg\" height=\"607\" width=\"850\" alt=\"\" class=\"slider-1912 slide-1490\" \/><\/li>\n                <li style=\"display: none; width: 100%;\" class=\"slide-1488 ms-image\" aria-roledescription=\"slide\" aria-label=\"slide-1488\"><img loading=\"lazy\" decoding=\"async\" src=\"https:\/\/ewafontaine.ch\/htdoc\/images\/EwaFontaine_Air6.jpg\" height=\"607\" width=\"850\" alt=\"\" class=\"slider-1912 slide-1488\" \/><\/li>\n                <li style=\"display: none; width: 100%;\" class=\"slide-1494 ms-image\" aria-roledescription=\"slide\" aria-label=\"slide-1494\"><img loading=\"lazy\" decoding=\"async\" src=\"https:\/\/ewafontaine.ch\/htdoc\/images\/EwaFontaine_Air12-607x433.jpg\" height=\"607\" width=\"850\" alt=\"\" class=\"slider-1912 slide-1494\" \/><\/li>\n                <li style=\"display: none; width: 100%;\" class=\"slide-1492 ms-image\" aria-roledescription=\"slide\" aria-label=\"slide-1492\"><img loading=\"lazy\" decoding=\"async\" src=\"https:\/\/ewafontaine.ch\/htdoc\/images\/EwaFontaine_Air10-607x433.jpg\" height=\"607\" width=\"850\" alt=\"\" class=\"slider-1912 slide-1492\" \/><\/li>\n                <li style=\"display: none; width: 100%;\" class=\"slide-1487 ms-image\" aria-roledescription=\"slide\" aria-label=\"slide-1487\"><img loading=\"lazy\" decoding=\"async\" src=\"https:\/\/ewafontaine.ch\/htdoc\/images\/EwaFontaine_Air5.jpg\" height=\"607\" width=\"850\" alt=\"\" class=\"slider-1912 slide-1487\" \/><\/li>\n                <li style=\"display: none; width: 100%;\" class=\"slide-1489 ms-image\" aria-roledescription=\"slide\" aria-label=\"slide-1489\"><img loading=\"lazy\" decoding=\"async\" src=\"https:\/\/ewafontaine.ch\/htdoc\/images\/EwaFontaine_Air7.jpg\" height=\"607\" width=\"850\" alt=\"\" class=\"slider-1912 slide-1489\" \/><\/li>\n                <li style=\"display: none; width: 100%;\" class=\"slide-1484 ms-image\" aria-roledescription=\"slide\" aria-label=\"slide-1484\"><img loading=\"lazy\" decoding=\"async\" src=\"https:\/\/ewafontaine.ch\/htdoc\/images\/EwaFontaine_Air2-607x433.jpg\" height=\"607\" width=\"850\" alt=\"\" class=\"slider-1912 slide-1484\" \/><\/li>\n                <li style=\"display: none; width: 100%;\" class=\"slide-1485 ms-image\" aria-roledescription=\"slide\" aria-label=\"slide-1485\"><img loading=\"lazy\" decoding=\"async\" src=\"https:\/\/ewafontaine.ch\/htdoc\/images\/EwaFontaine_Air3.jpg\" height=\"607\" width=\"850\" alt=\"\" class=\"slider-1912 slide-1485\" \/><\/li>\n                <li style=\"display: none; width: 100%;\" class=\"slide-1496 ms-image\" aria-roledescription=\"slide\" aria-label=\"slide-1496\"><img loading=\"lazy\" decoding=\"async\" src=\"https:\/\/ewafontaine.ch\/htdoc\/images\/EwaFontaine_Air14-788x563.jpg\" height=\"607\" width=\"850\" alt=\"\" class=\"slider-1912 slide-1496\" \/><\/li>\n                <li style=\"display: none; width: 100%;\" class=\"slide-1497 ms-image\" aria-roledescription=\"slide\" aria-label=\"slide-1497\"><img loading=\"lazy\" decoding=\"async\" src=\"https:\/\/ewafontaine.ch\/htdoc\/images\/EwaFontaine_Air15-788x563.jpg\" height=\"607\" width=\"850\" alt=\"\" class=\"slider-1912 slide-1497\" \/><\/li>\n            <\/ul>\n        <\/div>\n        \n    <\/div>\n<\/div>\n<p>Le point de d\u00e9part de la collection est l&rsquo;envie de figer et de capturer l\u2019air, insaisissable et invisible. De lui donner forme en l\u2019emprisonnant dans une enveloppe solide, rendant ainsi durable le volume \u00e9ph\u00e9m\u00e8re qu&rsquo;il cr\u00e9e. La pr\u00e9sence de l\u2019air est sugg\u00e9r\u00e9e, sa l\u00e9g\u00e8ret\u00e9 et le toucher moelleux de l\u2019objet gonflable sont feints. Par la magie de la mati\u00e8re et de la forme, l\u2019attente et le connu se heurtent avec douceur \u00e0 la r\u00e9alit\u00e9 physique du bijou.<\/p>\n<p>Argent et porcelaine de synth\u00e8se.<\/p>\n<div id='gallery-1' class='gallery galleryid-1287 gallery-columns-5 gallery-size-thumbnail'><dl class='gallery-item'>\n\t\t\t<dt class='gallery-icon portrait'>\n\t\t\t\t<a href='https:\/\/ewafontaine.ch\/htdoc\/images\/EwaFontaine_Air12.jpg'><img loading=\"lazy\" decoding=\"async\" width=\"150\" height=\"150\" src=\"https:\/\/ewafontaine.ch\/htdoc\/images\/EwaFontaine_Air12-150x150.jpg\" class=\"attachment-thumbnail size-thumbnail\" alt=\"\" srcset=\"https:\/\/ewafontaine.ch\/htdoc\/images\/EwaFontaine_Air12-150x150.jpg 150w, https:\/\/ewafontaine.ch\/htdoc\/images\/EwaFontaine_Air12-607x610.jpg 607w, https:\/\/ewafontaine.ch\/htdoc\/images\/EwaFontaine_Air12-90x90.jpg 90w\" sizes=\"auto, (max-width: 150px) 100vw, 150px\" \/><\/a>\n\t\t\t<\/dt><\/dl><dl class='gallery-item'>\n\t\t\t<dt class='gallery-icon portrait'>\n\t\t\t\t<a href='https:\/\/ewafontaine.ch\/htdoc\/images\/EwaFontaine_Air1.jpg'><img loading=\"lazy\" decoding=\"async\" width=\"150\" height=\"150\" src=\"https:\/\/ewafontaine.ch\/htdoc\/images\/EwaFontaine_Air1-150x150.jpg\" class=\"attachment-thumbnail size-thumbnail\" alt=\"\" srcset=\"https:\/\/ewafontaine.ch\/htdoc\/images\/EwaFontaine_Air1-150x150.jpg 150w, https:\/\/ewafontaine.ch\/htdoc\/images\/EwaFontaine_Air1-607x610.jpg 607w, https:\/\/ewafontaine.ch\/htdoc\/images\/EwaFontaine_Air1-90x90.jpg 90w\" sizes=\"auto, (max-width: 150px) 100vw, 150px\" \/><\/a>\n\t\t\t<\/dt><\/dl><dl class='gallery-item'>\n\t\t\t<dt class='gallery-icon portrait'>\n\t\t\t\t<a href='https:\/\/ewafontaine.ch\/htdoc\/images\/EwaFontaine_Air10.jpg'><img loading=\"lazy\" decoding=\"async\" width=\"150\" height=\"150\" src=\"https:\/\/ewafontaine.ch\/htdoc\/images\/EwaFontaine_Air10-150x150.jpg\" class=\"attachment-thumbnail size-thumbnail\" alt=\"\" srcset=\"https:\/\/ewafontaine.ch\/htdoc\/images\/EwaFontaine_Air10-150x150.jpg 150w, https:\/\/ewafontaine.ch\/htdoc\/images\/EwaFontaine_Air10-607x610.jpg 607w, https:\/\/ewafontaine.ch\/htdoc\/images\/EwaFontaine_Air10-90x90.jpg 90w\" sizes=\"auto, (max-width: 150px) 100vw, 150px\" \/><\/a>\n\t\t\t<\/dt><\/dl><dl class='gallery-item'>\n\t\t\t<dt class='gallery-icon portrait'>\n\t\t\t\t<a href='https:\/\/ewafontaine.ch\/htdoc\/images\/EwaFontaine_Air11.jpg'><img loading=\"lazy\" decoding=\"async\" width=\"150\" height=\"150\" src=\"https:\/\/ewafontaine.ch\/htdoc\/images\/EwaFontaine_Air11-150x150.jpg\" class=\"attachment-thumbnail size-thumbnail\" alt=\"\" srcset=\"https:\/\/ewafontaine.ch\/htdoc\/images\/EwaFontaine_Air11-150x150.jpg 150w, https:\/\/ewafontaine.ch\/htdoc\/images\/EwaFontaine_Air11-607x610.jpg 607w, https:\/\/ewafontaine.ch\/htdoc\/images\/EwaFontaine_Air11-90x90.jpg 90w\" sizes=\"auto, (max-width: 150px) 100vw, 150px\" \/><\/a>\n\t\t\t<\/dt><\/dl><dl class='gallery-item'>\n\t\t\t<dt class='gallery-icon portrait'>\n\t\t\t\t<a href='https:\/\/ewafontaine.ch\/htdoc\/images\/EwaFontaine_Air2.jpg'><img loading=\"lazy\" decoding=\"async\" width=\"150\" height=\"150\" src=\"https:\/\/ewafontaine.ch\/htdoc\/images\/EwaFontaine_Air2-150x150.jpg\" class=\"attachment-thumbnail size-thumbnail\" alt=\"\" srcset=\"https:\/\/ewafontaine.ch\/htdoc\/images\/EwaFontaine_Air2-150x150.jpg 150w, https:\/\/ewafontaine.ch\/htdoc\/images\/EwaFontaine_Air2-607x610.jpg 607w, https:\/\/ewafontaine.ch\/htdoc\/images\/EwaFontaine_Air2-90x90.jpg 90w\" sizes=\"auto, (max-width: 150px) 100vw, 150px\" \/><\/a>\n\t\t\t<\/dt><\/dl><br style=\"clear: both\" \/><dl class='gallery-item'>\n\t\t\t<dt class='gallery-icon portrait'>\n\t\t\t\t<a href='https:\/\/ewafontaine.ch\/htdoc\/images\/EwaFontaine_Air13.jpg'><img loading=\"lazy\" decoding=\"async\" width=\"150\" height=\"150\" src=\"https:\/\/ewafontaine.ch\/htdoc\/images\/EwaFontaine_Air13-150x150.jpg\" class=\"attachment-thumbnail size-thumbnail\" alt=\"\" srcset=\"https:\/\/ewafontaine.ch\/htdoc\/images\/EwaFontaine_Air13-150x150.jpg 150w, https:\/\/ewafontaine.ch\/htdoc\/images\/EwaFontaine_Air13-607x610.jpg 607w, https:\/\/ewafontaine.ch\/htdoc\/images\/EwaFontaine_Air13-90x90.jpg 90w\" sizes=\"auto, (max-width: 150px) 100vw, 150px\" \/><\/a>\n\t\t\t<\/dt><\/dl><dl class='gallery-item'>\n\t\t\t<dt class='gallery-icon landscape'>\n\t\t\t\t<a href='https:\/\/ewafontaine.ch\/htdoc\/images\/EwaFontaine_Air8.jpg'><img loading=\"lazy\" decoding=\"async\" width=\"150\" height=\"150\" src=\"https:\/\/ewafontaine.ch\/htdoc\/images\/EwaFontaine_Air8-150x150.jpg\" class=\"attachment-thumbnail size-thumbnail\" alt=\"\" srcset=\"https:\/\/ewafontaine.ch\/htdoc\/images\/EwaFontaine_Air8-150x150.jpg 150w, https:\/\/ewafontaine.ch\/htdoc\/images\/EwaFontaine_Air8-90x90.jpg 90w\" sizes=\"auto, (max-width: 150px) 100vw, 150px\" \/><\/a>\n\t\t\t<\/dt><\/dl><dl class='gallery-item'>\n\t\t\t<dt class='gallery-icon landscape'>\n\t\t\t\t<a href='https:\/\/ewafontaine.ch\/htdoc\/images\/EwaFontaine_Air4.jpg'><img loading=\"lazy\" decoding=\"async\" width=\"150\" height=\"150\" src=\"https:\/\/ewafontaine.ch\/htdoc\/images\/EwaFontaine_Air4-150x150.jpg\" class=\"attachment-thumbnail size-thumbnail\" alt=\"\" srcset=\"https:\/\/ewafontaine.ch\/htdoc\/images\/EwaFontaine_Air4-150x150.jpg 150w, https:\/\/ewafontaine.ch\/htdoc\/images\/EwaFontaine_Air4-90x90.jpg 90w\" sizes=\"auto, (max-width: 150px) 100vw, 150px\" \/><\/a>\n\t\t\t<\/dt><\/dl><dl class='gallery-item'>\n\t\t\t<dt class='gallery-icon landscape'>\n\t\t\t\t<a href='https:\/\/ewafontaine.ch\/htdoc\/images\/EwaFontaine_Air5.jpg'><img loading=\"lazy\" decoding=\"async\" width=\"150\" height=\"150\" src=\"https:\/\/ewafontaine.ch\/htdoc\/images\/EwaFontaine_Air5-150x150.jpg\" class=\"attachment-thumbnail size-thumbnail\" alt=\"\" srcset=\"https:\/\/ewafontaine.ch\/htdoc\/images\/EwaFontaine_Air5-150x150.jpg 150w, https:\/\/ewafontaine.ch\/htdoc\/images\/EwaFontaine_Air5-90x90.jpg 90w\" sizes=\"auto, (max-width: 150px) 100vw, 150px\" \/><\/a>\n\t\t\t<\/dt><\/dl><dl class='gallery-item'>\n\t\t\t<dt class='gallery-icon landscape'>\n\t\t\t\t<a href='https:\/\/ewafontaine.ch\/htdoc\/images\/EwaFontaine_Air6.jpg'><img loading=\"lazy\" decoding=\"async\" width=\"150\" height=\"150\" src=\"https:\/\/ewafontaine.ch\/htdoc\/images\/EwaFontaine_Air6-150x150.jpg\" class=\"attachment-thumbnail size-thumbnail\" alt=\"\" srcset=\"https:\/\/ewafontaine.ch\/htdoc\/images\/EwaFontaine_Air6-150x150.jpg 150w, https:\/\/ewafontaine.ch\/htdoc\/images\/EwaFontaine_Air6-90x90.jpg 90w\" sizes=\"auto, (max-width: 150px) 100vw, 150px\" \/><\/a>\n\t\t\t<\/dt><\/dl><br style=\"clear: both\" \/><dl class='gallery-item'>\n\t\t\t<dt class='gallery-icon landscape'>\n\t\t\t\t<a href='https:\/\/ewafontaine.ch\/htdoc\/images\/EwaFontaine_Air9.jpg'><img loading=\"lazy\" decoding=\"async\" width=\"150\" height=\"150\" src=\"https:\/\/ewafontaine.ch\/htdoc\/images\/EwaFontaine_Air9-150x150.jpg\" class=\"attachment-thumbnail size-thumbnail\" alt=\"\" srcset=\"https:\/\/ewafontaine.ch\/htdoc\/images\/EwaFontaine_Air9-150x150.jpg 150w, https:\/\/ewafontaine.ch\/htdoc\/images\/EwaFontaine_Air9-90x90.jpg 90w\" sizes=\"auto, (max-width: 150px) 100vw, 150px\" \/><\/a>\n\t\t\t<\/dt><\/dl><dl class='gallery-item'>\n\t\t\t<dt class='gallery-icon landscape'>\n\t\t\t\t<a href='https:\/\/ewafontaine.ch\/htdoc\/images\/EwaFontaine_Air14.jpg'><img loading=\"lazy\" decoding=\"async\" width=\"150\" height=\"150\" src=\"https:\/\/ewafontaine.ch\/htdoc\/images\/EwaFontaine_Air14-150x150.jpg\" class=\"attachment-thumbnail size-thumbnail\" alt=\"\" srcset=\"https:\/\/ewafontaine.ch\/htdoc\/images\/EwaFontaine_Air14-150x150.jpg 150w, https:\/\/ewafontaine.ch\/htdoc\/images\/EwaFontaine_Air14-90x90.jpg 90w\" sizes=\"auto, (max-width: 150px) 100vw, 150px\" \/><\/a>\n\t\t\t<\/dt><\/dl><dl class='gallery-item'>\n\t\t\t<dt class='gallery-icon landscape'>\n\t\t\t\t<a href='https:\/\/ewafontaine.ch\/htdoc\/images\/EwaFontaine_Air7.jpg'><img loading=\"lazy\" decoding=\"async\" width=\"150\" height=\"150\" src=\"https:\/\/ewafontaine.ch\/htdoc\/images\/EwaFontaine_Air7-150x150.jpg\" class=\"attachment-thumbnail size-thumbnail\" alt=\"\" srcset=\"https:\/\/ewafontaine.ch\/htdoc\/images\/EwaFontaine_Air7-150x150.jpg 150w, https:\/\/ewafontaine.ch\/htdoc\/images\/EwaFontaine_Air7-90x90.jpg 90w\" sizes=\"auto, (max-width: 150px) 100vw, 150px\" \/><\/a>\n\t\t\t<\/dt><\/dl><dl class='gallery-item'>\n\t\t\t<dt class='gallery-icon landscape'>\n\t\t\t\t<a href='https:\/\/ewafontaine.ch\/htdoc\/images\/EwaFontaine_Air3.jpg'><img loading=\"lazy\" decoding=\"async\" width=\"150\" height=\"150\" src=\"https:\/\/ewafontaine.ch\/htdoc\/images\/EwaFontaine_Air3-150x150.jpg\" class=\"attachment-thumbnail size-thumbnail\" alt=\"\" srcset=\"https:\/\/ewafontaine.ch\/htdoc\/images\/EwaFontaine_Air3-150x150.jpg 150w, https:\/\/ewafontaine.ch\/htdoc\/images\/EwaFontaine_Air3-90x90.jpg 90w\" sizes=\"auto, (max-width: 150px) 100vw, 150px\" \/><\/a>\n\t\t\t<\/dt><\/dl><dl class='gallery-item'>\n\t\t\t<dt class='gallery-icon landscape'>\n\t\t\t\t<a href='https:\/\/ewafontaine.ch\/htdoc\/images\/EwaFontaine_Air15.jpg'><img loading=\"lazy\" decoding=\"async\" width=\"150\" height=\"150\" src=\"https:\/\/ewafontaine.ch\/htdoc\/images\/EwaFontaine_Air15-150x150.jpg\" class=\"attachment-thumbnail size-thumbnail\" alt=\"\" srcset=\"https:\/\/ewafontaine.ch\/htdoc\/images\/EwaFontaine_Air15-150x150.jpg 150w, https:\/\/ewafontaine.ch\/htdoc\/images\/EwaFontaine_Air15-90x90.jpg 90w\" sizes=\"auto, (max-width: 150px) 100vw, 150px\" \/><\/a>\n\t\t\t<\/dt><\/dl><br style=\"clear: both\" \/>\n\t\t<\/div>\n\n<p>&nbsp;<\/p>\n<p>&nbsp;<\/p>\n","protected":false},"excerpt":{"rendered":"<p>Le point de d\u00e9part de la collection est l&rsquo;envie de figer et de capturer l\u2019air, insaisissable et invisible. De lui donner forme en l\u2019emprisonnant dans une enveloppe solide, rendant ainsi durable le volume \u00e9ph\u00e9m\u00e8re qu&rsquo;il cr\u00e9e. La pr\u00e9sence de l\u2019air est sugg\u00e9r\u00e9e, sa l\u00e9g\u00e8ret\u00e9 et le toucher moelleux de l\u2019objet gonflable sont feints. Par la &hellip; <a href=\"https:\/\/ewafontaine.ch\/?page_id=1287\" class=\"more-link\">Lire la suite <span class=\"screen-reader-text\">Comme un air<\/span><\/a><\/p>\n","protected":false},"author":1,"featured_media":1275,"parent":1303,"menu_order":4,"comment_status":"closed","ping_status":"closed","template":"page-templates\/full-width-page.php","meta":{"footnotes":""},"class_list":["post-1287","page","type-page","status-publish","has-post-thumbnail","hentry","with-featured-image"],"_links":{"self":[{"href":"https:\/\/ewafontaine.ch\/index.php?rest_route=\/wp\/v2\/pages\/1287","targetHints":{"allow":["GET"]}}],"collection":[{"href":"https:\/\/ewafontaine.ch\/index.php?rest_route=\/wp\/v2\/pages"}],"about":[{"href":"https:\/\/ewafontaine.ch\/index.php?rest_route=\/wp\/v2\/types\/page"}],"author":[{"embeddable":true,"href":"https:\/\/ewafontaine.ch\/index.php?rest_route=\/wp\/v2\/users\/1"}],"replies":[{"embeddable":true,"href":"https:\/\/ewafontaine.ch\/index.php?rest_route=%2Fwp%2Fv2%2Fcomments&post=1287"}],"version-history":[{"count":30,"href":"https:\/\/ewafontaine.ch\/index.php?rest_route=\/wp\/v2\/pages\/1287\/revisions"}],"predecessor-version":[{"id":1289,"href":"https:\/\/ewafontaine.ch\/index.php?rest_route=\/wp\/v2\/pages\/1287\/revisions\/1289"}],"up":[{"embeddable":true,"href":"https:\/\/ewafontaine.ch\/index.php?rest_route=\/wp\/v2\/pages\/1303"}],"wp:featuredmedia":[{"embeddable":true,"href":"https:\/\/ewafontaine.ch\/index.php?rest_route=\/wp\/v2\/media\/1275"}],"wp:attachment":[{"href":"https:\/\/ewafontaine.ch\/index.php?rest_route=%2Fwp%2Fv2%2Fmedia&parent=1287"}],"curies":[{"name":"wp","href":"https:\/\/api.w.org\/{rel}","templated":true}]}}